{"id":6,"date":"2025-08-22T14:29:39","date_gmt":"2025-08-22T14:29:39","guid":{"rendered":"https:\/\/sonaentrega.com.br\/?page_id=6"},"modified":"2025-08-22T17:52:59","modified_gmt":"2025-08-22T17:52:59","slug":"clareador-de-manchas","status":"publish","type":"page","link":"https:\/\/sonaentrega.com.br\/","title":{"rendered":"Clareador de Manchas"},"content":{"rendered":"\t\t<div data-elementor-type=\"wp-page\" data-elementor-id=\"6\" class=\"elementor elementor-6\">\n\t\t\t\t<div class=\"elementor-element elementor-element-6586d8f e-con-full e-flex e-con e-parent\" data-id=\"6586d8f\" data-element_type=\"container\">\n\t\t\t\t<div class=\"elementor-element elementor-element-2f33196 elementor-widget elementor-widget-heading\" data-id=\"2f33196\" data-element_type=\"widget\" data-widget_type=\"heading.default\">\n\t\t\t\t\t<h2 class=\"elementor-heading-title elementor-size-default\">PAGUE S\u00d3 NA ENTREGA\ud83d\ude9a<\/h2>\t\t\t\t<\/div>\n\t\t\t\t<\/div>\n\t\t<div class=\"elementor-element elementor-element-41bfc77 e-flex e-con-boxed e-con e-parent\" data-id=\"41bfc77\" data-element_type=\"container\">\n\t\t\t\t\t<div class=\"e-con-inner\">\n\t\t\t\t<div class=\"elementor-element elementor-element-e177e92 elementor-widget elementor-widget-heading\" data-id=\"e177e92\" data-element_type=\"widget\" data-widget_type=\"heading.default\">\n\t\t\t\t\t<h2 class=\"elementor-heading-title elementor-size-default\">\u2728Diga adeus \u00e0s manchas e ol\u00e1 para uma pele uniforme!<\/h2>\t\t\t\t<\/div>\n\t\t\t\t\t<\/div>\n\t\t\t\t<\/div>\n\t\t<div class=\"elementor-element elementor-element-0da681b e-flex e-con-boxed e-con e-parent\" data-id=\"0da681b\" data-element_type=\"container\">\n\t\t\t\t\t<div class=\"e-con-inner\">\n\t\t\t\t<div class=\"elementor-element elementor-element-0b33ef0 elementor-widget elementor-widget-heading\" data-id=\"0b33ef0\" data-element_type=\"widget\" data-widget_type=\"heading.default\">\n\t\t\t\t\t<h2 class=\"elementor-heading-title elementor-size-default\">O Esfoliante Clareador Amazol\u00e9 foi desenvolvido especialmente para quem busca uma pele mais clara, uniforme e saud\u00e1vel. Sua f\u00f3rmula exclusiva remove as c\u00e9lulas mortas, estimula a renova\u00e7\u00e3o da pele e ajuda no clareamento das manchas causadas por sol, acne, melasma e envelhecimento e pague s\u00f3 na ENTREGA!<\/h2>\t\t\t\t<\/div>\n\t\t\t\t\t<\/div>\n\t\t\t\t<\/div>\n\t\t<div class=\"elementor-element elementor-element-09c4800 e-flex e-con-boxed e-con e-parent\" data-id=\"09c4800\" data-element_type=\"container\">\n\t\t\t\t\t<div class=\"e-con-inner\">\n\t\t<div class=\"elementor-element elementor-element-823bef6 e-con-full e-flex e-con e-child\" data-id=\"823bef6\" data-element_type=\"container\">\n\t\t\t\t<div class=\"elementor-element elementor-element-9b8051e elementor-widget elementor-widget-video\" data-id=\"9b8051e\" data-element_type=\"widget\" data-settings=\"{&quot;youtube_url&quot;:&quot;https:\\\/\\\/youtube.com\\\/shorts\\\/vEqSnJ2vX1c?feature=share&quot;,&quot;autoplay&quot;:&quot;yes&quot;,&quot;video_type&quot;:&quot;youtube&quot;,&quot;controls&quot;:&quot;yes&quot;}\" data-widget_type=\"video.default\">\n\t\t\t\t\t\t\t<div class=\"elementor-wrapper elementor-open-inline\">\n\t\t\t<div class=\"elementor-video\"><\/div>\t\t<\/div>\n\t\t\t\t\t\t<\/div>\n\t\t\t\t<\/div>\n\t\t<div class=\"elementor-element elementor-element-b1ad387 e-con-full e-flex e-con e-child\" data-id=\"b1ad387\" data-element_type=\"container\">\n\t\t\t\t<div class=\"elementor-element elementor-element-19cb274 elementor-widget__width-initial elementor-widget elementor-widget-image\" data-id=\"19cb274\" data-element_type=\"widget\" data-widget_type=\"image.default\">\n\t\t\t\t\t\t\t\t\t\t\t\t\t\t\t<img fetchpriority=\"high\" decoding=\"async\" width=\"1024\" height=\"1024\" src=\"https:\/\/sonaentrega.com.br\/wp-content\/uploads\/2025\/08\/Amazole-2-Aberto-1-1024x1024.png\" class=\"attachment-large size-large wp-image-14\" alt=\"\" srcset=\"https:\/\/sonaentrega.com.br\/wp-content\/uploads\/2025\/08\/Amazole-2-Aberto-1-1024x1024.png 1024w, https:\/\/sonaentrega.com.br\/wp-content\/uploads\/2025\/08\/Amazole-2-Aberto-1-300x300.png 300w, https:\/\/sonaentrega.com.br\/wp-content\/uploads\/2025\/08\/Amazole-2-Aberto-1-150x150.png 150w, https:\/\/sonaentrega.com.br\/wp-content\/uploads\/2025\/08\/Amazole-2-Aberto-1-768x768.png 768w, https:\/\/sonaentrega.com.br\/wp-content\/uploads\/2025\/08\/Amazole-2-Aberto-1-1536x1536.png 1536w, https:\/\/sonaentrega.com.br\/wp-content\/uploads\/2025\/08\/Amazole-2-Aberto-1.png 2000w\" sizes=\"(max-width: 1024px) 100vw, 1024px\" \/>\t\t\t\t\t\t\t\t\t\t\t\t\t\t\t<\/div>\n\t\t\t\t<\/div>\n\t\t\t\t\t<\/div>\n\t\t\t\t<\/div>\n\t\t<div class=\"elementor-element elementor-element-c766741 e-flex e-con-boxed e-con e-parent\" data-id=\"c766741\" data-element_type=\"container\">\n\t\t\t\t\t<div class=\"e-con-inner\">\n\t\t\t\t<div class=\"elementor-element elementor-element-c6eff50 elementor-align-center elementor-widget elementor-widget-button\" data-id=\"c6eff50\" data-element_type=\"widget\" data-widget_type=\"button.default\">\n\t\t\t\t\t\t\t\t\t\t<a class=\"elementor-button elementor-button-link elementor-size-sm\" href=\"https:\/\/entrega.logzz.com.br\/pay\/mem8yzx7k\/2-frasco-16700\">\n\t\t\t\t\t\t<span class=\"elementor-button-content-wrapper\">\n\t\t\t\t\t\t\t\t\t<span class=\"elementor-button-text\">COMPRAR COM DESCONTO<\/span>\n\t\t\t\t\t<\/span>\n\t\t\t\t\t<\/a>\n\t\t\t\t\t\t\t\t<\/div>\n\t\t\t\t\t<\/div>\n\t\t\t\t<\/div>\n\t\t<div class=\"elementor-element elementor-element-d265b7b e-flex e-con-boxed e-con e-parent\" data-id=\"d265b7b\" data-element_type=\"container\">\n\t\t\t\t\t<div class=\"e-con-inner\">\n\t\t\t\t<div class=\"elementor-element elementor-element-da14081 elementor-widget elementor-widget-text-editor\" data-id=\"da14081\" data-element_type=\"widget\" data-widget_type=\"text-editor.default\">\n\t\t\t\t\t\t\t\t\t<p>\u2705<strong> Benef\u00edcios<\/strong> que voc\u00ea vai sentir na pele:<\/p><div>\u2022Clareia manchas escuras (sol, acne, melasma e marcas do tempo).<\/div><div>\u2022Uniformiza o tom da pele, deixando o rosto mais iluminado e radiante.<\/div><div>\u2022Esfolia\u00e7\u00e3o suave e eficaz, removendo c\u00e9lulas mortas e impurezas.<\/div><div>\u2022Pele mais macia e hidratada logo nas primeiras aplica\u00e7\u00f5es.<\/div><div>\u2022Estimula a renova\u00e7\u00e3o celular, prevenindo o envelhecimento precoce.<\/div><div>\u2022Melhora a absor\u00e7\u00e3o de outros cosm\u00e9ticos, potencializando seus resultados.<\/div><div>\u2022Textura mais lisa e sedosa, sem aspecto \u00e1spero.<\/div>\t\t\t\t\t\t\t\t<\/div>\n\t\t\t\t\t<\/div>\n\t\t\t\t<\/div>\n\t\t<div class=\"elementor-element elementor-element-b7789e0 e-flex e-con-boxed e-con e-parent\" data-id=\"b7789e0\" data-element_type=\"container\">\n\t\t\t\t\t<div class=\"e-con-inner\">\n\t\t\t\t<div class=\"elementor-element elementor-element-4883358 elementor-widget elementor-widget-heading\" data-id=\"4883358\" data-element_type=\"widget\" data-widget_type=\"heading.default\">\n\t\t\t\t\t<h2 class=\"elementor-heading-title elementor-size-default\">RECEBA EM 24 HORAS<\/h2>\t\t\t\t<\/div>\n\t\t\t\t\t<\/div>\n\t\t\t\t<\/div>\n\t\t<div class=\"elementor-element elementor-element-9d41ab2 e-flex e-con-boxed e-con e-parent\" data-id=\"9d41ab2\" data-element_type=\"container\">\n\t\t\t\t\t<div class=\"e-con-inner\">\n\t\t\t\t<div class=\"elementor-element elementor-element-394571b elementor-align-center elementor-widget elementor-widget-button\" data-id=\"394571b\" data-element_type=\"widget\" data-widget_type=\"button.default\">\n\t\t\t\t\t\t\t\t\t\t<a class=\"elementor-button elementor-button-link elementor-size-sm\" href=\"https:\/\/entrega.logzz.com.br\/pay\/mem8yzx7k\/2-frasco-16700\">\n\t\t\t\t\t\t<span class=\"elementor-button-content-wrapper\">\n\t\t\t\t\t\t\t\t\t<span class=\"elementor-button-text\">COMPRAR COM DESCONTO<\/span>\n\t\t\t\t\t<\/span>\n\t\t\t\t\t<\/a>\n\t\t\t\t\t\t\t\t<\/div>\n\t\t\t\t\t<\/div>\n\t\t\t\t<\/div>\n\t\t\t\t<\/div>\n\t\t","protected":false},"excerpt":{"rendered":"<p>PAGUE S\u00d3 NA ENTREGA\ud83d\ude9a \u2728Diga adeus \u00e0s manchas e ol\u00e1 para uma pele uniforme! O Esfoliante Clareador Amazol\u00e9 foi desenvolvido especialmente para quem busca uma pele mais clara, uniforme e saud\u00e1vel. Sua f\u00f3rmula exclusiva remove as c\u00e9lulas mortas, estimula a renova\u00e7\u00e3o da pele e ajuda no clareamento das manchas causadas por sol, acne, melasma e [&hellip;]<\/p>\n","protected":false},"author":1,"featured_media":0,"parent":0,"menu_order":0,"comment_status":"closed","ping_status":"closed","template":"elementor_canvas","meta":{"footnotes":""},"class_list":["post-6","page","type-page","status-publish","hentry"],"_links":{"self":[{"href":"https:\/\/sonaentrega.com.br\/index.php?rest_route=\/wp\/v2\/pages\/6","targetHints":{"allow":["GET"]}}],"collection":[{"href":"https:\/\/sonaentrega.com.br\/index.php?rest_route=\/wp\/v2\/pages"}],"about":[{"href":"https:\/\/sonaentrega.com.br\/index.php?rest_route=\/wp\/v2\/types\/page"}],"author":[{"embeddable":true,"href":"https:\/\/sonaentrega.com.br\/index.php?rest_route=\/wp\/v2\/users\/1"}],"replies":[{"embeddable":true,"href":"https:\/\/sonaentrega.com.br\/index.php?rest_route=%2Fwp%2Fv2%2Fcomments&post=6"}],"version-history":[{"count":24,"href":"https:\/\/sonaentrega.com.br\/index.php?rest_route=\/wp\/v2\/pages\/6\/revisions"}],"predecessor-version":[{"id":40,"href":"https:\/\/sonaentrega.com.br\/index.php?rest_route=\/wp\/v2\/pages\/6\/revisions\/40"}],"wp:attachment":[{"href":"https:\/\/sonaentrega.com.br\/index.php?rest_route=%2Fwp%2Fv2%2Fmedia&parent=6"}],"curies":[{"name":"wp","href":"https:\/\/api.w.org\/{rel}","templated":true}]}}